{"id":7421,"date":"2023-10-17T13:06:37","date_gmt":"2023-10-17T11:06:37","guid":{"rendered":"https:\/\/adest.it\/cms\/?page_id=7421"},"modified":"2024-01-17T18:04:40","modified_gmt":"2024-01-17T17:04:40","slug":"diritto-societario","status":"publish","type":"page","link":"https:\/\/www.adest.it\/cms\/aree-attivita\/diritto-societario\/","title":{"rendered":"Diritto societario"},"content":{"rendered":"\t\t<div data-elementor-type=\"wp-page\" data-elementor-id=\"7421\" class=\"elementor elementor-7421\" data-elementor-post-type=\"page\">\n\t\t\t\t\t\t<section class=\"elementor-section elementor-top-section elementor-element elementor-element-0074985 elementor-section-boxed elementor-section-height-default elementor-section-height-default\" data-id=\"0074985\" data-element_type=\"section\">\n\t\t\t\t\t\t<div class=\"elementor-container elementor-column-gap-default\">\n\t\t\t\t\t<div class=\"elementor-column elementor-col-100 elementor-top-column elementor-element elementor-element-1252e96\" data-id=\"1252e96\" data-element_type=\"column\">\n\t\t\t<div class=\"elementor-widget-wrap\">\n\t\t\t\t\t\t\t<\/div>\n\t\t<\/div>\n\t\t\t\t\t<\/div>\n\t\t<\/section>\n\t\t\t\t<section class=\"elementor-section elementor-top-section elementor-element elementor-element-8cbf664 elementor-section-boxed elementor-section-height-default elementor-section-height-default\" data-id=\"8cbf664\" data-element_type=\"section\">\n\t\t\t\t\t\t<div class=\"elementor-container elementor-column-gap-default\">\n\t\t\t\t\t<div class=\"elementor-column elementor-col-100 elementor-top-column elementor-element elementor-element-d4a6ae3\" data-id=\"d4a6ae3\" data-element_type=\"column\">\n\t\t\t<div class=\"elementor-widget-wrap elementor-element-populated\">\n\t\t\t\t\t\t<section class=\"elementor-section elementor-inner-section elementor-element elementor-element-a8897db elementor-reverse-tablet elementor-reverse-mobile elementor-section-boxed elementor-section-height-default elementor-section-height-default\" data-id=\"a8897db\" data-element_type=\"section\">\n\t\t\t\t\t\t<div class=\"elementor-container elementor-column-gap-wider\">\n\t\t\t\t\t<div class=\"elementor-column elementor-col-50 elementor-inner-column elementor-element elementor-element-7c6fdd2\" data-id=\"7c6fdd2\" data-element_type=\"column\">\n\t\t\t<div class=\"elementor-widget-wrap elementor-element-populated\">\n\t\t\t\t\t\t<div class=\"elementor-element elementor-element-017c650 elementor-widget elementor-widget-heading\" data-id=\"017c650\" data-element_type=\"widget\" data-widget_type=\"heading.default\">\n\t\t\t\t<div class=\"elementor-widget-container\">\n\t\t\t<h3 class=\"elementor-heading-title elementor-size-default\">Diritto societario<\/h3>\t\t<\/div>\n\t\t\t\t<\/div>\n\t\t\t\t<div class=\"elementor-element elementor-element-f1766ec elementor-widget elementor-widget-spacer\" data-id=\"f1766ec\" data-element_type=\"widget\" data-widget_type=\"spacer.default\">\n\t\t\t\t<div class=\"elementor-widget-container\">\n\t\t\t\t\t<div class=\"elementor-spacer\">\n\t\t\t<div class=\"elementor-spacer-inner\"><\/div>\n\t\t<\/div>\n\t\t\t\t<\/div>\n\t\t\t\t<\/div>\n\t\t\t\t<div class=\"elementor-element elementor-element-6c6c127 elementor-widget elementor-widget-text-editor\" data-id=\"6c6c127\" data-element_type=\"widget\" data-widget_type=\"text-editor.default\">\n\t\t\t\t<div class=\"elementor-widget-container\">\n\t\t\t\t\t\t\t<p style=\"text-align: justify;\">Nell&#8217;ambito giudiziale ed arbitrale, \u00c0dest si distingue per una notevole e consolidata esperienza nella difesa di societ\u00e0, soci, amministratori, sindaci e revisori. Questa esperienza comprende anche la gestione di azioni di responsabilit\u00e0 nei confronti degli organi sociali e le impugnazioni di delibere assembleari e consiliari.<\/p>\n<p style=\"text-align: justify;\">Il nostro punto di forza risiede anche nel profondo e ventennale legame con il mondo accademico, che ci permette di offrire pareri legali di alta qualit\u00e0 in tutti i settori del diritto commerciale.<\/p>\t\t\t\t\t\t<\/div>\n\t\t\t\t<\/div>\n\t\t\t\t<div class=\"elementor-element elementor-element-dd9c87b elementor-widget elementor-widget-spacer\" data-id=\"dd9c87b\" data-element_type=\"widget\" data-widget_type=\"spacer.default\">\n\t\t\t\t<div class=\"elementor-widget-container\">\n\t\t\t\t\t<div class=\"elementor-spacer\">\n\t\t\t<div class=\"elementor-spacer-inner\"><\/div>\n\t\t<\/div>\n\t\t\t\t<\/div>\n\t\t\t\t<\/div>\n\t\t\t\t<div class=\"elementor-element elementor-element-ee86f75 elementor-widget elementor-widget-spacer\" data-id=\"ee86f75\" data-element_type=\"widget\" data-widget_type=\"spacer.default\">\n\t\t\t\t<div class=\"elementor-widget-container\">\n\t\t\t\t\t<div class=\"elementor-spacer\">\n\t\t\t<div class=\"elementor-spacer-inner\"><\/div>\n\t\t<\/div>\n\t\t\t\t<\/div>\n\t\t\t\t<\/div>\n\t\t\t\t<div class=\"elementor-element elementor-element-b2af867 icon-box-vertical-align-center icon-position-mobile-left content-align-left icon-position-left icon-vertical-align-start elementor-widget elementor-widget-the7_icon_box_grid_widget\" data-id=\"b2af867\" data-element_type=\"widget\" data-widget_type=\"the7_icon_box_grid_widget.default\">\n\t\t\t\t<div class=\"elementor-widget-container\">\n\t\t\t<div class=\"the7-box-grid-wrapper the7-elementor-widget loading-effect-none the7_icon_box_grid_widget-b2af867\">\t\t\t<div class=\"dt-css-grid\">\n\t\t\t\t\t\t\t\t\t<div class=\"wf-cell shown\">\n\t\t\t\t\t\t<a class=\"the7-icon-box-grid box-hover\" aria-label=\"Assistenza ad amministratori e soci\">\t\t\t\t\t\t\t<div class=\"box-content-wrapper\">\n\t\t\t\t\t\t\t\t\t\t\t\t\t\t\t\t\t<div class=\"elementor-icon-div\">\t\t\t\t\t\t\t\t\t\t<div class=\"elementor-icon\">\n\t\t\t\t\t\t\t\t\t\t\t<i aria-hidden=\"true\" class=\"feather feather-check\"><\/i>\t\t\t\t\t\t\t\t\t\t<\/div>\n\t\t\t\t\t\t\t\t\t<\/div>\t\t\t\t\t\t\t\t\t\t\t\t\t\t\t\t<div class=\"box-content\">\n\t\t\t\t\t\t\t\t\t\t\t\t\t\t\t\t\t\t\t\t\t\t\t\t\t\t\t\t\t<h4 class=\"box-heading\">\n\t\t\t\t\t\t\t\t\t\t\t\t\t\t\t\t\t\t\t\t\t\t\tAssistenza ad amministratori e soci\t\t\t\t\t\t\t\t\t\t\t\t\t\t\t\t\t\t\t\t\t<\/h4>\n\t\t\t\t\t\t\t\t\t\t\t\t\t\t\t\t\t\t\t\t\t\t\t\t\t\t\t\t\t\t\t\t\t\t\t<\/div>\n\t\t\t\t\t\t\t<\/div>\n\t\t\t\t\t\t<\/a>\t\t\t\t\t<\/div>\n\t\t\t\t\t\t\t\t\t<div class=\"wf-cell shown\">\n\t\t\t\t\t\t<a class=\"the7-icon-box-grid box-hover\" aria-label=\"Impugnazioni di delibere assembleari e consiliari\">\t\t\t\t\t\t\t<div class=\"box-content-wrapper\">\n\t\t\t\t\t\t\t\t\t\t\t\t\t\t\t\t\t<div class=\"elementor-icon-div\">\t\t\t\t\t\t\t\t\t\t<div class=\"elementor-icon\">\n\t\t\t\t\t\t\t\t\t\t\t<i aria-hidden=\"true\" class=\"feather feather-check\"><\/i>\t\t\t\t\t\t\t\t\t\t<\/div>\n\t\t\t\t\t\t\t\t\t<\/div>\t\t\t\t\t\t\t\t\t\t\t\t\t\t\t\t<div class=\"box-content\">\n\t\t\t\t\t\t\t\t\t\t\t\t\t\t\t\t\t\t\t\t\t\t\t\t\t\t\t\t\t<h4 class=\"box-heading\">\n\t\t\t\t\t\t\t\t\t\t\t\t\t\t\t\t\t\t\t\t\t\t\tImpugnazioni di delibere assembleari e consiliari\t\t\t\t\t\t\t\t\t\t\t\t\t\t\t\t\t\t\t\t\t<\/h4>\n\t\t\t\t\t\t\t\t\t\t\t\t\t\t\t\t\t\t\t\t\t\t\t\t\t\t\t\t\t\t\t\t\t\t\t<\/div>\n\t\t\t\t\t\t\t<\/div>\n\t\t\t\t\t\t<\/a>\t\t\t\t\t<\/div>\n\t\t\t\t\t\t\t\t\t<div class=\"wf-cell shown\">\n\t\t\t\t\t\t<a class=\"the7-icon-box-grid box-hover\" aria-label=\"Pareristica\">\t\t\t\t\t\t\t<div class=\"box-content-wrapper\">\n\t\t\t\t\t\t\t\t\t\t\t\t\t\t\t\t\t<div class=\"elementor-icon-div\">\t\t\t\t\t\t\t\t\t\t<div class=\"elementor-icon\">\n\t\t\t\t\t\t\t\t\t\t\t<i aria-hidden=\"true\" class=\"feather feather-check\"><\/i>\t\t\t\t\t\t\t\t\t\t<\/div>\n\t\t\t\t\t\t\t\t\t<\/div>\t\t\t\t\t\t\t\t\t\t\t\t\t\t\t\t<div class=\"box-content\">\n\t\t\t\t\t\t\t\t\t\t\t\t\t\t\t\t\t\t\t\t\t\t\t\t\t\t\t\t\t<h4 class=\"box-heading\">\n\t\t\t\t\t\t\t\t\t\t\t\t\t\t\t\t\t\t\t\t\t\t\tPareristica\t\t\t\t\t\t\t\t\t\t\t\t\t\t\t\t\t\t\t\t\t<\/h4>\n\t\t\t\t\t\t\t\t\t\t\t\t\t\t\t\t\t\t\t\t\t\t\t\t\t\t\t\t\t\t\t\t\t\t\t<\/div>\n\t\t\t\t\t\t\t<\/div>\n\t\t\t\t\t\t<\/a>\t\t\t\t\t<\/div>\n\t\t\t\t\t\t\t<\/div>\n\t\t<\/div>\t\t<\/div>\n\t\t\t\t<\/div>\n\t\t\t\t\t<\/div>\n\t\t<\/div>\n\t\t\t\t<div class=\"elementor-column elementor-col-50 elementor-inner-column elementor-element elementor-element-655e17b\" data-id=\"655e17b\" data-element_type=\"column\">\n\t\t\t<div class=\"elementor-widget-wrap elementor-element-populated\">\n\t\t\t\t\t\t<div class=\"elementor-element elementor-element-b8bb2d7 elementor-widget__width-auto elementor-widget elementor-widget-image\" data-id=\"b8bb2d7\" data-element_type=\"widget\" data-widget_type=\"image.default\">\n\t\t\t\t<div class=\"elementor-widget-container\">\n\t\t\t\t\t\t\t\t\t\t\t\t\t<img decoding=\"async\" src=\"https:\/\/www.adest.it\/cms\/wp-content\/uploads\/elementor\/thumbs\/libreria-qxfh939lqxs0pav8h7ozim3dfnz36aw0w1i3wgj8cw.jpg\" title=\"Diritto Societario &#8211; Adest\" alt=\"Diritto Societario - Adest\" loading=\"lazy\" \/>\t\t\t\t\t\t\t\t\t\t\t\t\t<\/div>\n\t\t\t\t<\/div>\n\t\t\t\t<div class=\"elementor-element elementor-element-7cf0941 elementor-widget__width-auto elementor-widget elementor-widget-image\" data-id=\"7cf0941\" data-element_type=\"widget\" data-widget_type=\"image.default\">\n\t\t\t\t<div class=\"elementor-widget-container\">\n\t\t\t\t\t\t\t\t\t\t\t\t\t<img decoding=\"async\" src=\"https:\/\/www.adest.it\/cms\/wp-content\/uploads\/elementor\/thumbs\/volumi-001-1-qxfh939lqxs0pav8h7ozim3dfnz36aw0w1i3wgj8cw.jpg\" title=\"Adest\" alt=\"Adest\" loading=\"lazy\" \/>\t\t\t\t\t\t\t\t\t\t\t\t\t<\/div>\n\t\t\t\t<\/div>\n\t\t\t\t\t<\/div>\n\t\t<\/div>\n\t\t\t\t\t<\/div>\n\t\t<\/section>\n\t\t\t\t\t<\/div>\n\t\t<\/div>\n\t\t\t\t\t<\/div>\n\t\t<\/section>\n\t\t\t\t<section class=\"elementor-section elementor-top-section elementor-element elementor-element-f3529d6 elementor-section-boxed elementor-section-height-default elementor-section-height-default\" data-id=\"f3529d6\" data-element_type=\"section\">\n\t\t\t\t\t\t<div class=\"elementor-container elementor-column-gap-default\">\n\t\t\t\t\t<div class=\"elementor-column elementor-col-100 elementor-top-column elementor-element elementor-element-ffa8187\" data-id=\"ffa8187\" data-element_type=\"column\">\n\t\t\t<div class=\"elementor-widget-wrap elementor-element-populated\">\n\t\t\t\t\t\t<div class=\"elementor-element elementor-element-820e797 elementor-widget elementor-widget-spacer\" data-id=\"820e797\" data-element_type=\"widget\" data-widget_type=\"spacer.default\">\n\t\t\t\t<div class=\"elementor-widget-container\">\n\t\t\t\t\t<div class=\"elementor-spacer\">\n\t\t\t<div class=\"elementor-spacer-inner\"><\/div>\n\t\t<\/div>\n\t\t\t\t<\/div>\n\t\t\t\t<\/div>\n\t\t\t\t\t<\/div>\n\t\t<\/div>\n\t\t\t\t\t<\/div>\n\t\t<\/section>\n\t\t\t\t<section class=\"elementor-section elementor-top-section elementor-element elementor-element-5d5c2aa elementor-section-boxed elementor-section-height-default elementor-section-height-default\" data-id=\"5d5c2aa\" data-element_type=\"section\">\n\t\t\t\t\t\t<div class=\"elementor-container elementor-column-gap-default\">\n\t\t\t\t\t<div class=\"elementor-column elementor-col-100 elementor-top-column elementor-element elementor-element-ecb03cd\" data-id=\"ecb03cd\" data-element_type=\"column\">\n\t\t\t<div class=\"elementor-widget-wrap elementor-element-populated\">\n\t\t\t\t\t\t<div class=\"elementor-element elementor-element-7866150 elementor-widget elementor-widget-heading\" data-id=\"7866150\" data-element_type=\"widget\" data-widget_type=\"heading.default\">\n\t\t\t\t<div class=\"elementor-widget-container\">\n\t\t\t<h2 class=\"elementor-heading-title elementor-size-default\">Aree di attivit\u00e0<\/h2>\t\t<\/div>\n\t\t\t\t<\/div>\n\t\t\t\t\t<\/div>\n\t\t<\/div>\n\t\t\t\t\t<\/div>\n\t\t<\/section>\n\t\t\t\t<section class=\"elementor-section elementor-top-section elementor-element elementor-element-1e89819 elementor-section-boxed elementor-section-height-default elementor-section-height-default\" data-id=\"1e89819\" data-element_type=\"section\">\n\t\t\t\t\t\t<div class=\"elementor-container elementor-column-gap-default\">\n\t\t\t\t\t<div class=\"elementor-column elementor-col-100 elementor-top-column elementor-element elementor-element-e214e83\" data-id=\"e214e83\" data-element_type=\"column\">\n\t\t\t<div class=\"elementor-widget-wrap elementor-element-populated\">\n\t\t\t\t\t\t<div class=\"elementor-element elementor-element-af9ac9d arrows-relative-to-box_area slider-layout_1 slider-tablet-default slider-mobile-default slide-h-position-center bullets-small-dot-stroke elementor-widget elementor-widget-the7_content_carousel\" data-id=\"af9ac9d\" data-element_type=\"widget\" data-settings=\"{&quot;widget_columns&quot;:5,&quot;gap_between_posts&quot;:{&quot;unit&quot;:&quot;px&quot;,&quot;size&quot;:3,&quot;sizes&quot;:[]},&quot;widget_columns_tablet&quot;:2,&quot;widget_columns_mobile&quot;:1,&quot;gap_between_posts_tablet&quot;:{&quot;unit&quot;:&quot;px&quot;,&quot;size&quot;:&quot;&quot;,&quot;sizes&quot;:[]},&quot;gap_between_posts_mobile&quot;:{&quot;unit&quot;:&quot;px&quot;,&quot;size&quot;:&quot;&quot;,&quot;sizes&quot;:[]}}\" data-widget_type=\"the7_content_carousel.default\">\n\t\t\t\t<div class=\"elementor-widget-container\">\n\t\t\t<div class=\"disable-arrows-hover-bg owl-carousel text-and-icon-carousel elementor-owl-carousel-call the7-elementor-widget the7_content_carousel-af9ac9d quick-scale-img\" data-scroll-mode=\"1\" data-auto-height=\"false\" data-speed=\"600\" data-autoplay=\"false\" data-autoplay_speed=\"\"><div  class=\"dt-owl-item-wrap elements-hover elements-hover\"  ><div class=\"dt-owl-item-inner \"><a href=\"https:\/\/adest.it\/cms\/aree-attivita\/diritto-societario\/\"  class=\"dt-owl-item-icon\"><i aria-hidden=\"true\" class=\"open-button far fa-building\"><\/i><\/a><h4  class=\"dt-owl-item-heading\"><a href=\"https:\/\/adest.it\/cms\/aree-attivita\/diritto-societario\/\">Diritto societario<\/a><\/h4><\/div><\/div><div  class=\"dt-owl-item-wrap elements-hover elements-hover\"  ><div class=\"dt-owl-item-inner \"><a href=\"https:\/\/adest.it\/cms\/aree-attivita\/diritto-industriale-e-ip-law\/\"  class=\"dt-owl-item-icon\"><i aria-hidden=\"true\" class=\"open-button fas fa-landmark\"><\/i><\/a><h4  class=\"dt-owl-item-heading\"><a href=\"https:\/\/adest.it\/cms\/aree-attivita\/diritto-industriale-e-ip-law\/\">Diritto Industriale e Ip Law<\/a><\/h4><\/div><\/div><div  class=\"dt-owl-item-wrap elements-hover elements-hover\"  ><div class=\"dt-owl-item-inner \"><a href=\"https:\/\/adest.it\/cms\/aree-attivita\/diritto-bancario-e-finanziario\/\"  class=\"dt-owl-item-icon\"><i aria-hidden=\"true\" class=\"open-button far fa-money-bill-alt\"><\/i><\/a><h4  class=\"dt-owl-item-heading\"><a href=\"https:\/\/adest.it\/cms\/aree-attivita\/diritto-bancario-e-finanziario\/\">Diritto bancario e finanziario<\/a><\/h4><\/div><\/div><div  class=\"dt-owl-item-wrap elements-hover elements-hover\"  ><div class=\"dt-owl-item-inner \"><a href=\"https:\/\/adest.it\/cms\/aree-attivita\/contrattualistica-dimpresa\/\"  class=\"dt-owl-item-icon\"><i aria-hidden=\"true\" class=\"open-button fas fa-file-contract\"><\/i><\/a><h4  class=\"dt-owl-item-heading\"><a href=\"https:\/\/adest.it\/cms\/aree-attivita\/contrattualistica-dimpresa\/\">Contrattualistica d\u2019impresa<\/a><\/h4><\/div><\/div><div  class=\"dt-owl-item-wrap elements-hover elements-hover\"  ><div class=\"dt-owl-item-inner \"><a href=\"https:\/\/adest.it\/cms\/aree-attivita\/privacy-e-it-law\/\"  class=\"dt-owl-item-icon\"><i aria-hidden=\"true\" class=\"open-button fas fa-fingerprint\"><\/i><\/a><h4  class=\"dt-owl-item-heading\"><a href=\"https:\/\/adest.it\/cms\/aree-attivita\/privacy-e-it-law\/\"> Privacy e IT Law<\/a><\/h4><\/div><\/div><div  class=\"dt-owl-item-wrap elements-hover elements-hover\"  ><div class=\"dt-owl-item-inner \"><a href=\"https:\/\/adest.it\/cms\/aree-attivita\/operazioni-straordinarie\/\"  class=\"dt-owl-item-icon\"><i aria-hidden=\"true\" class=\"open-button feather feather-check-circle\"><\/i><\/a><h4  class=\"dt-owl-item-heading\"><a href=\"https:\/\/adest.it\/cms\/aree-attivita\/operazioni-straordinarie\/\">Operazioni straordinarie<\/a><\/h4><\/div><\/div><div  class=\"dt-owl-item-wrap elements-hover elements-hover\"  ><div class=\"dt-owl-item-inner \"><a href=\"https:\/\/adest.it\/cms\/aree-attivita\/strategia-pianificazione-e-controllo-dimpresa\/\"  class=\"dt-owl-item-icon\"><i aria-hidden=\"true\" class=\"open-button far fa-chart-bar\"><\/i><\/a><h4  class=\"dt-owl-item-heading\"><a href=\"https:\/\/adest.it\/cms\/aree-attivita\/strategia-pianificazione-e-controllo-dimpresa\/\">Strategia, Pianificazione e Controllo d\u2019Impresa <\/a><\/h4><\/div><\/div><div  class=\"dt-owl-item-wrap elements-hover elements-hover\"  ><div class=\"dt-owl-item-inner \"><a href=\"https:\/\/adest.it\/cms\/aree-attivita\/diritto-della-crisi-dimpresa\/\"  class=\"dt-owl-item-icon\"><i aria-hidden=\"true\" class=\"open-button fas fa-handshake\"><\/i><\/a><h4  class=\"dt-owl-item-heading\"><a href=\"https:\/\/adest.it\/cms\/aree-attivita\/diritto-della-crisi-dimpresa\/\">Diritto della crisi d\u2019impresa<\/a><\/h4><\/div><\/div><div  class=\"dt-owl-item-wrap elements-hover elements-hover\"  ><div class=\"dt-owl-item-inner \"><a href=\"https:\/\/adest.it\/cms\/aree-attivita\/diritto-del-lavoro\/\"  class=\"dt-owl-item-icon\"><i aria-hidden=\"true\" class=\"open-button fas fa-user-tie\"><\/i><\/a><h4  class=\"dt-owl-item-heading\"><a href=\"https:\/\/adest.it\/cms\/aree-attivita\/diritto-del-lavoro\/\">Diritto del lavoro<\/a><\/h4><\/div><\/div><div  class=\"dt-owl-item-wrap elements-hover elements-hover\"  ><div class=\"dt-owl-item-inner \"><a href=\"https:\/\/adest.it\/cms\/aree-attivita\/procedimento-e-processo-tributario\/\"  class=\"dt-owl-item-icon\"><i aria-hidden=\"true\" class=\"open-button far fa-folder-open\"><\/i><\/a><h4  class=\"dt-owl-item-heading\"><a href=\"https:\/\/adest.it\/cms\/aree-attivita\/procedimento-e-processo-tributario\/\">Procedimento e processo tributario <\/a><\/h4><\/div><\/div><div  class=\"dt-owl-item-wrap elements-hover elements-hover\"  ><div class=\"dt-owl-item-inner \"><a href=\"https:\/\/adest.it\/cms\/aree-attivita\/fiscalita-dimpresa\/\"  class=\"dt-owl-item-icon\"><i aria-hidden=\"true\" class=\"open-button fas fa-clipboard-list\"><\/i><\/a><h4  class=\"dt-owl-item-heading\"><a href=\"https:\/\/adest.it\/cms\/aree-attivita\/fiscalita-dimpresa\/\">Fiscalit\u00e0 d\u2019impresa<\/a><\/h4><\/div><\/div><div  class=\"dt-owl-item-wrap elements-hover elements-hover\"  ><div class=\"dt-owl-item-inner \"><a href=\"https:\/\/adest.it\/cms\/aree-attivita\/diritto-penale-dellimpresa-e-redazione-di-modelli-ex-dlg-231-2001\/\"  class=\"dt-owl-item-icon\"><i aria-hidden=\"true\" class=\"open-button fas fa-landmark\"><\/i><\/a><h4  class=\"dt-owl-item-heading\"><a href=\"https:\/\/adest.it\/cms\/aree-attivita\/diritto-penale-dellimpresa-e-redazione-di-modelli-ex-dlg-231-2001\/\">Diritto penale dell\u2019impresa <\/a><\/h4><\/div><\/div><\/div><div class=\"owl-nav disabled\"><div class=\"owl-prev\" role=\"button\"><i class=\"fas fa-chevron-left\"><\/i><\/div><div class=\"owl-next\" role=\"button\"><i class=\"fas fa-chevron-right\"><\/i><\/div><\/div>\t\t<\/div>\n\t\t\t\t<\/div>\n\t\t\t\t\t<\/div>\n\t\t<\/div>\n\t\t\t\t\t<\/div>\n\t\t<\/section>\n\t\t\t\t<section class=\"elementor-section elementor-top-section elementor-element elementor-element-d5b00db elementor-section-boxed elementor-section-height-default elementor-section-height-default\" data-id=\"d5b00db\" data-element_type=\"section\">\n\t\t\t\t\t\t<div class=\"elementor-container elementor-column-gap-default\">\n\t\t\t\t\t<div class=\"elementor-column elementor-col-100 elementor-top-column elementor-element elementor-element-783aebc\" data-id=\"783aebc\" data-element_type=\"column\">\n\t\t\t<div class=\"elementor-widget-wrap elementor-element-populated\">\n\t\t\t\t\t\t<div class=\"elementor-element elementor-element-a879094 elementor-widget elementor-widget-spacer\" data-id=\"a879094\" data-element_type=\"widget\" data-widget_type=\"spacer.default\">\n\t\t\t\t<div class=\"elementor-widget-container\">\n\t\t\t\t\t<div class=\"elementor-spacer\">\n\t\t\t<div class=\"elementor-spacer-inner\"><\/div>\n\t\t<\/div>\n\t\t\t\t<\/div>\n\t\t\t\t<\/div>\n\t\t\t\t\t<\/div>\n\t\t<\/div>\n\t\t\t\t\t<\/div>\n\t\t<\/section>\n\t\t\t\t<\/div>\n\t\t","protected":false},"excerpt":{"rendered":"<p>Diritto societario Nell&#8217;ambito giudiziale ed arbitrale, \u00c0dest si distingue per una notevole e consolidata esperienza nella difesa di societ\u00e0, soci, amministratori, sindaci e revisori. Questa esperienza comprende anche la gestione di azioni di responsabilit\u00e0 nei confronti degli organi sociali e le impugnazioni di delibere assembleari e consiliari. Il nostro punto di forza risiede anche nel&hellip;<\/p>\n","protected":false},"author":1,"featured_media":0,"parent":365,"menu_order":0,"comment_status":"closed","ping_status":"closed","template":"","meta":{"footnotes":""},"class_list":["post-7421","page","type-page","status-publish","hentry"],"aioseo_notices":[],"_links":{"self":[{"href":"https:\/\/www.adest.it\/cms\/wp-json\/wp\/v2\/pages\/7421","targetHints":{"allow":["GET"]}}],"collection":[{"href":"https:\/\/www.adest.it\/cms\/wp-json\/wp\/v2\/pages"}],"about":[{"href":"https:\/\/www.adest.it\/cms\/wp-json\/wp\/v2\/types\/page"}],"author":[{"embeddable":true,"href":"https:\/\/www.adest.it\/cms\/wp-json\/wp\/v2\/users\/1"}],"replies":[{"embeddable":true,"href":"https:\/\/www.adest.it\/cms\/wp-json\/wp\/v2\/comments?post=7421"}],"version-history":[{"count":52,"href":"https:\/\/www.adest.it\/cms\/wp-json\/wp\/v2\/pages\/7421\/revisions"}],"predecessor-version":[{"id":8702,"href":"https:\/\/www.adest.it\/cms\/wp-json\/wp\/v2\/pages\/7421\/revisions\/8702"}],"up":[{"embeddable":true,"href":"https:\/\/www.adest.it\/cms\/wp-json\/wp\/v2\/pages\/365"}],"wp:attachment":[{"href":"https:\/\/www.adest.it\/cms\/wp-json\/wp\/v2\/media?parent=7421"}],"curies":[{"name":"wp","href":"https:\/\/api.w.org\/{rel}","templated":true}]}}