{"id":7695,"date":"2023-10-30T22:35:35","date_gmt":"2023-10-30T21:35:35","guid":{"rendered":"https:\/\/adest.it\/cms\/?page_id=7695"},"modified":"2024-01-17T08:43:47","modified_gmt":"2024-01-17T07:43:47","slug":"privacy-e-it-law","status":"publish","type":"page","link":"https:\/\/www.adest.it\/cms\/aree-attivita\/privacy-e-it-law\/","title":{"rendered":"Privacy e IT law"},"content":{"rendered":"\t\t<div data-elementor-type=\"wp-page\" data-elementor-id=\"7695\" class=\"elementor elementor-7695\" data-elementor-post-type=\"page\">\n\t\t\t\t\t\t<section class=\"elementor-section elementor-top-section elementor-element elementor-element-8fb86ab elementor-section-boxed elementor-section-height-default elementor-section-height-default\" data-id=\"8fb86ab\" data-element_type=\"section\">\n\t\t\t\t\t\t<div class=\"elementor-container elementor-column-gap-default\">\n\t\t\t\t\t<div class=\"elementor-column elementor-col-100 elementor-top-column elementor-element elementor-element-306d276\" data-id=\"306d276\" data-element_type=\"column\">\n\t\t\t<div class=\"elementor-widget-wrap elementor-element-populated\">\n\t\t\t\t\t\t<section class=\"elementor-section elementor-inner-section elementor-element elementor-element-9be2ea4 elementor-reverse-tablet elementor-reverse-mobile elementor-section-boxed elementor-section-height-default elementor-section-height-default\" data-id=\"9be2ea4\" data-element_type=\"section\">\n\t\t\t\t\t\t<div class=\"elementor-container elementor-column-gap-wider\">\n\t\t\t\t\t<div class=\"elementor-column elementor-col-50 elementor-inner-column elementor-element elementor-element-d8039c3\" data-id=\"d8039c3\" data-element_type=\"column\">\n\t\t\t<div class=\"elementor-widget-wrap elementor-element-populated\">\n\t\t\t\t\t\t<div class=\"elementor-element elementor-element-d69068a elementor-widget elementor-widget-heading\" data-id=\"d69068a\" data-element_type=\"widget\" data-widget_type=\"heading.default\">\n\t\t\t\t<div class=\"elementor-widget-container\">\n\t\t\t<h3 class=\"elementor-heading-title elementor-size-default\">Privacy e IT law<\/h3>\t\t<\/div>\n\t\t\t\t<\/div>\n\t\t\t\t<div class=\"elementor-element elementor-element-9612fb0 elementor-widget elementor-widget-spacer\" data-id=\"9612fb0\" data-element_type=\"widget\" data-widget_type=\"spacer.default\">\n\t\t\t\t<div class=\"elementor-widget-container\">\n\t\t\t\t\t<div class=\"elementor-spacer\">\n\t\t\t<div class=\"elementor-spacer-inner\"><\/div>\n\t\t<\/div>\n\t\t\t\t<\/div>\n\t\t\t\t<\/div>\n\t\t\t\t<div class=\"elementor-element elementor-element-0e17981 elementor-widget elementor-widget-text-editor\" data-id=\"0e17981\" data-element_type=\"widget\" data-widget_type=\"text-editor.default\">\n\t\t\t\t<div class=\"elementor-widget-container\">\n\t\t\t\t\t\t\t<p style=\"text-align: justify;\">\u00c0dest offre un supporto tecnologicamente avanzato alle imprese ed enti per garantire la conformit\u00e0 alle normative sulla privacy. Ci occupiamo di tutto il processo, dalle attivit\u00e0 iniziali di analisi dei rischi e valutazione dell&#8217;impatto, fino alla creazione della documentazione aziendale necessaria, tra cui informative, registri dei trattamenti e contratti con i responsabili esterni.<\/p>\n<p style=\"text-align: justify;\">Inoltre, grazie alla nostra squadra di professionisti altamente qualificati, forniamo servizi di Data Protection Officer (DPO) e consulenza continua sulle questioni di privacy e protezione dei dati personali. Ci impegniamo a offrire assistenza sia stragiudiziale che giudiziale nei confronti degli interessati e delle autorit\u00e0 di controllo.<\/p>\n<p style=\"text-align: justify;\">Il nostro studio \u00e8 specializzato anche nella negoziazione e nella redazione di contratti internazionali relativi a prodotti informatici, tra cui contratti di licenza e cessione di software, contratti di cloud computing e accordi di commercializzazione di soluzioni IT.<\/p>\t\t\t\t\t\t<\/div>\n\t\t\t\t<\/div>\n\t\t\t\t<div class=\"elementor-element elementor-element-f7ac5d5 elementor-widget elementor-widget-spacer\" data-id=\"f7ac5d5\" data-element_type=\"widget\" data-widget_type=\"spacer.default\">\n\t\t\t\t<div class=\"elementor-widget-container\">\n\t\t\t\t\t<div class=\"elementor-spacer\">\n\t\t\t<div class=\"elementor-spacer-inner\"><\/div>\n\t\t<\/div>\n\t\t\t\t<\/div>\n\t\t\t\t<\/div>\n\t\t\t\t<div class=\"elementor-element elementor-element-f10ab7c elementor-widget elementor-widget-spacer\" data-id=\"f10ab7c\" data-element_type=\"widget\" data-widget_type=\"spacer.default\">\n\t\t\t\t<div class=\"elementor-widget-container\">\n\t\t\t\t\t<div class=\"elementor-spacer\">\n\t\t\t<div class=\"elementor-spacer-inner\"><\/div>\n\t\t<\/div>\n\t\t\t\t<\/div>\n\t\t\t\t<\/div>\n\t\t\t\t<div class=\"elementor-element elementor-element-8ced709 icon-box-vertical-align-center icon-position-mobile-left content-align-left icon-position-left icon-vertical-align-start elementor-widget elementor-widget-the7_icon_box_grid_widget\" data-id=\"8ced709\" data-element_type=\"widget\" data-widget_type=\"the7_icon_box_grid_widget.default\">\n\t\t\t\t<div class=\"elementor-widget-container\">\n\t\t\t<div class=\"the7-box-grid-wrapper the7-elementor-widget loading-effect-none the7_icon_box_grid_widget-8ced709\">\t\t\t<div class=\"dt-css-grid\">\n\t\t\t\t\t\t\t\t\t<div class=\"wf-cell shown\">\n\t\t\t\t\t\t<a class=\"the7-icon-box-grid box-hover\" aria-label=\"Attivit\u00e0 di analisi dei rischi e valutazione dell&#039;impatto aziendale\">\t\t\t\t\t\t\t<div class=\"box-content-wrapper\">\n\t\t\t\t\t\t\t\t\t\t\t\t\t\t\t\t\t<div class=\"elementor-icon-div\">\t\t\t\t\t\t\t\t\t\t<div class=\"elementor-icon\">\n\t\t\t\t\t\t\t\t\t\t\t<i aria-hidden=\"true\" class=\"feather feather-check\"><\/i>\t\t\t\t\t\t\t\t\t\t<\/div>\n\t\t\t\t\t\t\t\t\t<\/div>\t\t\t\t\t\t\t\t\t\t\t\t\t\t\t\t<div class=\"box-content\">\n\t\t\t\t\t\t\t\t\t\t\t\t\t\t\t\t\t\t\t\t\t\t\t\t\t\t\t\t\t<h4 class=\"box-heading\">\n\t\t\t\t\t\t\t\t\t\t\t\t\t\t\t\t\t\t\t\t\t\t\tAttivit\u00e0 di analisi dei rischi e valutazione dell'impatto aziendale\t\t\t\t\t\t\t\t\t\t\t\t\t\t\t\t\t\t\t\t\t<\/h4>\n\t\t\t\t\t\t\t\t\t\t\t\t\t\t\t\t\t\t\t\t\t\t\t\t\t\t\t\t\t\t\t\t\t\t\t<\/div>\n\t\t\t\t\t\t\t<\/div>\n\t\t\t\t\t\t<\/a>\t\t\t\t\t<\/div>\n\t\t\t\t\t\t\t\t\t<div class=\"wf-cell shown\">\n\t\t\t\t\t\t<a class=\"the7-icon-box-grid box-hover\" aria-label=\"Servizi di Data Protection Officer (DPO)\">\t\t\t\t\t\t\t<div class=\"box-content-wrapper\">\n\t\t\t\t\t\t\t\t\t\t\t\t\t\t\t\t\t<div class=\"elementor-icon-div\">\t\t\t\t\t\t\t\t\t\t<div class=\"elementor-icon\">\n\t\t\t\t\t\t\t\t\t\t\t<i aria-hidden=\"true\" class=\"feather feather-check\"><\/i>\t\t\t\t\t\t\t\t\t\t<\/div>\n\t\t\t\t\t\t\t\t\t<\/div>\t\t\t\t\t\t\t\t\t\t\t\t\t\t\t\t<div class=\"box-content\">\n\t\t\t\t\t\t\t\t\t\t\t\t\t\t\t\t\t\t\t\t\t\t\t\t\t\t\t\t\t<h4 class=\"box-heading\">\n\t\t\t\t\t\t\t\t\t\t\t\t\t\t\t\t\t\t\t\t\t\t\tServizi di Data Protection Officer (DPO)\t\t\t\t\t\t\t\t\t\t\t\t\t\t\t\t\t\t\t\t\t<\/h4>\n\t\t\t\t\t\t\t\t\t\t\t\t\t\t\t\t\t\t\t\t\t\t\t\t\t\t\t\t\t\t\t\t\t\t\t<\/div>\n\t\t\t\t\t\t\t<\/div>\n\t\t\t\t\t\t<\/a>\t\t\t\t\t<\/div>\n\t\t\t\t\t\t\t\t\t<div class=\"wf-cell shown\">\n\t\t\t\t\t\t<a class=\"the7-icon-box-grid box-hover\" aria-label=\"Contratti di licenza e cessione di software\">\t\t\t\t\t\t\t<div class=\"box-content-wrapper\">\n\t\t\t\t\t\t\t\t\t\t\t\t\t\t\t\t\t<div class=\"elementor-icon-div\">\t\t\t\t\t\t\t\t\t\t<div class=\"elementor-icon\">\n\t\t\t\t\t\t\t\t\t\t\t<i aria-hidden=\"true\" class=\"feather feather-check\"><\/i>\t\t\t\t\t\t\t\t\t\t<\/div>\n\t\t\t\t\t\t\t\t\t<\/div>\t\t\t\t\t\t\t\t\t\t\t\t\t\t\t\t<div class=\"box-content\">\n\t\t\t\t\t\t\t\t\t\t\t\t\t\t\t\t\t\t\t\t\t\t\t\t\t\t\t\t\t<h4 class=\"box-heading\">\n\t\t\t\t\t\t\t\t\t\t\t\t\t\t\t\t\t\t\t\t\t\t\tContratti di licenza e cessione di software\t\t\t\t\t\t\t\t\t\t\t\t\t\t\t\t\t\t\t\t\t<\/h4>\n\t\t\t\t\t\t\t\t\t\t\t\t\t\t\t\t\t\t\t\t\t\t\t\t\t\t\t\t\t\t\t\t\t\t\t<\/div>\n\t\t\t\t\t\t\t<\/div>\n\t\t\t\t\t\t<\/a>\t\t\t\t\t<\/div>\n\t\t\t\t\t\t\t<\/div>\n\t\t<\/div>\t\t<\/div>\n\t\t\t\t<\/div>\n\t\t\t\t\t<\/div>\n\t\t<\/div>\n\t\t\t\t<div class=\"elementor-column elementor-col-50 elementor-inner-column elementor-element elementor-element-be03a16\" data-id=\"be03a16\" data-element_type=\"column\">\n\t\t\t<div class=\"elementor-widget-wrap elementor-element-populated\">\n\t\t\t\t\t\t<div class=\"elementor-element elementor-element-e2f9aa9 elementor-widget__width-auto elementor-widget elementor-widget-image\" data-id=\"e2f9aa9\" data-element_type=\"widget\" data-widget_type=\"image.default\">\n\t\t\t\t<div class=\"elementor-widget-container\">\n\t\t\t\t\t\t\t\t\t\t\t\t\t<img decoding=\"async\" src=\"https:\/\/www.adest.it\/cms\/wp-content\/uploads\/elementor\/thumbs\/avvocati-08-qxfh939lqxs0pav8h7ozim3dfnz36aw0w1i3wgj8cw.jpg\" title=\"avvocati-08\" alt=\"avvocati-08\" loading=\"lazy\" \/>\t\t\t\t\t\t\t\t\t\t\t\t\t<\/div>\n\t\t\t\t<\/div>\n\t\t\t\t<div class=\"elementor-element elementor-element-f270fe4 elementor-widget__width-auto elementor-widget elementor-widget-image\" data-id=\"f270fe4\" data-element_type=\"widget\" data-widget_type=\"image.default\">\n\t\t\t\t<div class=\"elementor-widget-container\">\n\t\t\t\t\t\t\t\t\t\t\t\t\t<img decoding=\"async\" src=\"https:\/\/www.adest.it\/cms\/wp-content\/uploads\/elementor\/thumbs\/foto-contratto-001-scaled-qxfh939lqxs0pav8h7ozim3dfnz36aw0w1i3wgj8cw.jpg\" title=\"Fiscalit\u00e0 d\u2019Impresa\u200b\" alt=\"Fiscalit\u00e0 d\u2019Impresa\u200b\" loading=\"lazy\" \/>\t\t\t\t\t\t\t\t\t\t\t\t\t<\/div>\n\t\t\t\t<\/div>\n\t\t\t\t\t<\/div>\n\t\t<\/div>\n\t\t\t\t\t<\/div>\n\t\t<\/section>\n\t\t\t\t\t<\/div>\n\t\t<\/div>\n\t\t\t\t\t<\/div>\n\t\t<\/section>\n\t\t\t\t<section class=\"elementor-section elementor-top-section elementor-element elementor-element-50373db elementor-section-boxed elementor-section-height-default elementor-section-height-default\" data-id=\"50373db\" data-element_type=\"section\">\n\t\t\t\t\t\t<div class=\"elementor-container elementor-column-gap-default\">\n\t\t\t\t\t<div class=\"elementor-column elementor-col-100 elementor-top-column elementor-element elementor-element-47c1b38\" data-id=\"47c1b38\" data-element_type=\"column\">\n\t\t\t<div class=\"elementor-widget-wrap elementor-element-populated\">\n\t\t\t\t\t\t<div class=\"elementor-element elementor-element-d7145b1 elementor-widget elementor-widget-heading\" data-id=\"d7145b1\" data-element_type=\"widget\" data-widget_type=\"heading.default\">\n\t\t\t\t<div class=\"elementor-widget-container\">\n\t\t\t<h2 class=\"elementor-heading-title elementor-size-default\">Aree di attivit\u00e0<\/h2>\t\t<\/div>\n\t\t\t\t<\/div>\n\t\t\t\t\t<\/div>\n\t\t<\/div>\n\t\t\t\t\t<\/div>\n\t\t<\/section>\n\t\t\t\t<section class=\"elementor-section elementor-top-section elementor-element elementor-element-e98c7e1 elementor-section-boxed elementor-section-height-default elementor-section-height-default\" data-id=\"e98c7e1\" data-element_type=\"section\">\n\t\t\t\t\t\t<div class=\"elementor-container elementor-column-gap-default\">\n\t\t\t\t\t<div class=\"elementor-column elementor-col-100 elementor-top-column elementor-element elementor-element-3ac288d\" data-id=\"3ac288d\" data-element_type=\"column\">\n\t\t\t<div class=\"elementor-widget-wrap elementor-element-populated\">\n\t\t\t\t\t\t<div class=\"elementor-element elementor-element-3bbcaae arrows-relative-to-box_area slider-layout_1 slider-tablet-default slider-mobile-default slide-h-position-center bullets-small-dot-stroke elementor-widget elementor-widget-the7_content_carousel\" data-id=\"3bbcaae\" data-element_type=\"widget\" data-settings=\"{&quot;widget_columns&quot;:5,&quot;gap_between_posts&quot;:{&quot;unit&quot;:&quot;px&quot;,&quot;size&quot;:3,&quot;sizes&quot;:[]},&quot;widget_columns_tablet&quot;:2,&quot;widget_columns_mobile&quot;:1,&quot;gap_between_posts_tablet&quot;:{&quot;unit&quot;:&quot;px&quot;,&quot;size&quot;:&quot;&quot;,&quot;sizes&quot;:[]},&quot;gap_between_posts_mobile&quot;:{&quot;unit&quot;:&quot;px&quot;,&quot;size&quot;:&quot;&quot;,&quot;sizes&quot;:[]}}\" data-widget_type=\"the7_content_carousel.default\">\n\t\t\t\t<div class=\"elementor-widget-container\">\n\t\t\t<div class=\"disable-arrows-hover-bg owl-carousel text-and-icon-carousel elementor-owl-carousel-call the7-elementor-widget the7_content_carousel-3bbcaae quick-scale-img\" data-scroll-mode=\"1\" data-auto-height=\"false\" data-speed=\"600\" data-autoplay=\"false\" data-autoplay_speed=\"\"><div  class=\"dt-owl-item-wrap elements-hover elements-hover\"  ><div class=\"dt-owl-item-inner \"><a href=\"https:\/\/adest.it\/cms\/aree-attivita\/diritto-societario\/\"  class=\"dt-owl-item-icon\"><i aria-hidden=\"true\" class=\"open-button far fa-building\"><\/i><\/a><h4  class=\"dt-owl-item-heading\"><a href=\"https:\/\/adest.it\/cms\/aree-attivita\/diritto-societario\/\">Diritto societario<\/a><\/h4><\/div><\/div><div  class=\"dt-owl-item-wrap elements-hover elements-hover\"  ><div class=\"dt-owl-item-inner \"><a href=\"https:\/\/adest.it\/cms\/aree-attivita\/diritto-industriale-e-ip-law\/\"  class=\"dt-owl-item-icon\"><i aria-hidden=\"true\" class=\"open-button fas fa-landmark\"><\/i><\/a><h4  class=\"dt-owl-item-heading\"><a href=\"https:\/\/adest.it\/cms\/aree-attivita\/diritto-industriale-e-ip-law\/\">Diritto Industriale e Ip Law<\/a><\/h4><\/div><\/div><div  class=\"dt-owl-item-wrap elements-hover elements-hover\"  ><div class=\"dt-owl-item-inner \"><a href=\"https:\/\/adest.it\/cms\/aree-attivita\/diritto-bancario-e-finanziario\/\"  class=\"dt-owl-item-icon\"><i aria-hidden=\"true\" class=\"open-button far fa-money-bill-alt\"><\/i><\/a><h4  class=\"dt-owl-item-heading\"><a href=\"https:\/\/adest.it\/cms\/aree-attivita\/diritto-bancario-e-finanziario\/\">Diritto bancario e finanziario<\/a><\/h4><\/div><\/div><div  class=\"dt-owl-item-wrap elements-hover elements-hover\"  ><div class=\"dt-owl-item-inner \"><a href=\"https:\/\/adest.it\/cms\/aree-attivita\/contrattualistica-dimpresa\/\"  class=\"dt-owl-item-icon\"><i aria-hidden=\"true\" class=\"open-button fas fa-file-contract\"><\/i><\/a><h4  class=\"dt-owl-item-heading\"><a href=\"https:\/\/adest.it\/cms\/aree-attivita\/contrattualistica-dimpresa\/\">Contrattualistica d\u2019impresa<\/a><\/h4><\/div><\/div><div  class=\"dt-owl-item-wrap elements-hover elements-hover\"  ><div class=\"dt-owl-item-inner \"><a href=\"https:\/\/adest.it\/cms\/aree-attivita\/privacy-e-it-law\/\"  class=\"dt-owl-item-icon\"><i aria-hidden=\"true\" class=\"open-button fas fa-fingerprint\"><\/i><\/a><h4  class=\"dt-owl-item-heading\"><a href=\"https:\/\/adest.it\/cms\/aree-attivita\/privacy-e-it-law\/\"> Privacy e IT Law<\/a><\/h4><\/div><\/div><div  class=\"dt-owl-item-wrap elements-hover elements-hover\"  ><div class=\"dt-owl-item-inner \"><a href=\"https:\/\/adest.it\/cms\/aree-attivita\/operazioni-straordinarie\/\"  class=\"dt-owl-item-icon\"><i aria-hidden=\"true\" class=\"open-button feather feather-check-circle\"><\/i><\/a><h4  class=\"dt-owl-item-heading\"><a href=\"https:\/\/adest.it\/cms\/aree-attivita\/operazioni-straordinarie\/\">Operazioni straordinarie<\/a><\/h4><\/div><\/div><div  class=\"dt-owl-item-wrap elements-hover elements-hover\"  ><div class=\"dt-owl-item-inner \"><a href=\"https:\/\/adest.it\/cms\/aree-attivita\/strategia-pianificazione-e-controllo-dimpresa\/\"  class=\"dt-owl-item-icon\"><i aria-hidden=\"true\" class=\"open-button far fa-chart-bar\"><\/i><\/a><h4  class=\"dt-owl-item-heading\"><a href=\"https:\/\/adest.it\/cms\/aree-attivita\/strategia-pianificazione-e-controllo-dimpresa\/\">Strategia, Pianificazione e Controllo d\u2019Impresa <\/a><\/h4><\/div><\/div><div  class=\"dt-owl-item-wrap elements-hover elements-hover\"  ><div class=\"dt-owl-item-inner \"><a href=\"https:\/\/adest.it\/cms\/aree-attivita\/diritto-della-crisi-dimpresa\/\"  class=\"dt-owl-item-icon\"><i aria-hidden=\"true\" class=\"open-button fas fa-handshake\"><\/i><\/a><h4  class=\"dt-owl-item-heading\"><a href=\"https:\/\/adest.it\/cms\/aree-attivita\/diritto-della-crisi-dimpresa\/\">Diritto della crisi d\u2019impresa<\/a><\/h4><\/div><\/div><div  class=\"dt-owl-item-wrap elements-hover elements-hover\"  ><div class=\"dt-owl-item-inner \"><a href=\"https:\/\/adest.it\/cms\/aree-attivita\/diritto-del-lavoro\/\"  class=\"dt-owl-item-icon\"><i aria-hidden=\"true\" class=\"open-button fas fa-user-tie\"><\/i><\/a><h4  class=\"dt-owl-item-heading\"><a href=\"https:\/\/adest.it\/cms\/aree-attivita\/diritto-del-lavoro\/\">Diritto del lavoro<\/a><\/h4><\/div><\/div><div  class=\"dt-owl-item-wrap elements-hover elements-hover\"  ><div class=\"dt-owl-item-inner \"><a href=\"https:\/\/adest.it\/cms\/aree-attivita\/procedimento-e-processo-tributario\/\"  class=\"dt-owl-item-icon\"><i aria-hidden=\"true\" class=\"open-button far fa-folder-open\"><\/i><\/a><h4  class=\"dt-owl-item-heading\"><a href=\"https:\/\/adest.it\/cms\/aree-attivita\/procedimento-e-processo-tributario\/\">Procedimento e processo tributario <\/a><\/h4><\/div><\/div><div  class=\"dt-owl-item-wrap elements-hover elements-hover\"  ><div class=\"dt-owl-item-inner \"><a href=\"https:\/\/adest.it\/cms\/aree-attivita\/fiscalita-dimpresa\/\"  class=\"dt-owl-item-icon\"><i aria-hidden=\"true\" class=\"open-button fas fa-clipboard-list\"><\/i><\/a><h4  class=\"dt-owl-item-heading\"><a href=\"https:\/\/adest.it\/cms\/aree-attivita\/fiscalita-dimpresa\/\">Fiscalit\u00e0 d\u2019impresa<\/a><\/h4><\/div><\/div><div  class=\"dt-owl-item-wrap elements-hover elements-hover\"  ><div class=\"dt-owl-item-inner \"><a href=\"https:\/\/adest.it\/cms\/aree-attivita\/diritto-penale-dellimpresa-e-redazione-di-modelli-ex-dlg-231-2001\/\"  class=\"dt-owl-item-icon\"><i aria-hidden=\"true\" class=\"open-button fas fa-landmark\"><\/i><\/a><h4  class=\"dt-owl-item-heading\"><a href=\"https:\/\/adest.it\/cms\/aree-attivita\/diritto-penale-dellimpresa-e-redazione-di-modelli-ex-dlg-231-2001\/\">Diritto penale dell\u2019impresa <\/a><\/h4><\/div><\/div><\/div><div class=\"owl-nav disabled\"><div class=\"owl-prev\" role=\"button\"><i class=\"fas fa-chevron-left\"><\/i><\/div><div class=\"owl-next\" role=\"button\"><i class=\"fas fa-chevron-right\"><\/i><\/div><\/div>\t\t<\/div>\n\t\t\t\t<\/div>\n\t\t\t\t\t<\/div>\n\t\t<\/div>\n\t\t\t\t\t<\/div>\n\t\t<\/section>\n\t\t\t\t<section class=\"elementor-section elementor-top-section elementor-element elementor-element-e3f9ca7 elementor-section-boxed elementor-section-height-default elementor-section-height-default\" data-id=\"e3f9ca7\" data-element_type=\"section\">\n\t\t\t\t\t\t<div class=\"elementor-container elementor-column-gap-default\">\n\t\t\t\t\t<div class=\"elementor-column elementor-col-100 elementor-top-column elementor-element elementor-element-171c0f5\" data-id=\"171c0f5\" data-element_type=\"column\">\n\t\t\t<div class=\"elementor-widget-wrap elementor-element-populated\">\n\t\t\t\t\t\t<div class=\"elementor-element elementor-element-853b811 elementor-widget elementor-widget-spacer\" data-id=\"853b811\" data-element_type=\"widget\" data-widget_type=\"spacer.default\">\n\t\t\t\t<div class=\"elementor-widget-container\">\n\t\t\t\t\t<div class=\"elementor-spacer\">\n\t\t\t<div class=\"elementor-spacer-inner\"><\/div>\n\t\t<\/div>\n\t\t\t\t<\/div>\n\t\t\t\t<\/div>\n\t\t\t\t\t<\/div>\n\t\t<\/div>\n\t\t\t\t\t<\/div>\n\t\t<\/section>\n\t\t\t\t<\/div>\n\t\t","protected":false},"excerpt":{"rendered":"<p>Privacy e IT law \u00c0dest offre un supporto tecnologicamente avanzato alle imprese ed enti per garantire la conformit\u00e0 alle normative sulla privacy. Ci occupiamo di tutto il processo, dalle attivit\u00e0 iniziali di analisi dei rischi e valutazione dell&#8217;impatto, fino alla creazione della documentazione aziendale necessaria, tra cui informative, registri dei trattamenti e contratti con i&hellip;<\/p>\n","protected":false},"author":1,"featured_media":0,"parent":365,"menu_order":5,"comment_status":"closed","ping_status":"closed","template":"","meta":{"footnotes":""},"class_list":["post-7695","page","type-page","status-publish","hentry"],"aioseo_notices":[],"_links":{"self":[{"href":"https:\/\/www.adest.it\/cms\/wp-json\/wp\/v2\/pages\/7695","targetHints":{"allow":["GET"]}}],"collection":[{"href":"https:\/\/www.adest.it\/cms\/wp-json\/wp\/v2\/pages"}],"about":[{"href":"https:\/\/www.adest.it\/cms\/wp-json\/wp\/v2\/types\/page"}],"author":[{"embeddable":true,"href":"https:\/\/www.adest.it\/cms\/wp-json\/wp\/v2\/users\/1"}],"replies":[{"embeddable":true,"href":"https:\/\/www.adest.it\/cms\/wp-json\/wp\/v2\/comments?post=7695"}],"version-history":[{"count":25,"href":"https:\/\/www.adest.it\/cms\/wp-json\/wp\/v2\/pages\/7695\/revisions"}],"predecessor-version":[{"id":8452,"href":"https:\/\/www.adest.it\/cms\/wp-json\/wp\/v2\/pages\/7695\/revisions\/8452"}],"up":[{"embeddable":true,"href":"https:\/\/www.adest.it\/cms\/wp-json\/wp\/v2\/pages\/365"}],"wp:attachment":[{"href":"https:\/\/www.adest.it\/cms\/wp-json\/wp\/v2\/media?parent=7695"}],"curies":[{"name":"wp","href":"https:\/\/api.w.org\/{rel}","templated":true}]}}