{"id":7725,"date":"2023-10-31T14:17:01","date_gmt":"2023-10-31T13:17:01","guid":{"rendered":"https:\/\/adest.it\/cms\/?page_id=7725"},"modified":"2024-01-17T18:05:54","modified_gmt":"2024-01-17T17:05:54","slug":"diritto-della-crisi-dimpresa","status":"publish","type":"page","link":"https:\/\/www.adest.it\/cms\/aree-attivita\/diritto-della-crisi-dimpresa\/","title":{"rendered":"Diritto Della Crisi D\u2019impresa"},"content":{"rendered":"\t\t<div data-elementor-type=\"wp-page\" data-elementor-id=\"7725\" class=\"elementor elementor-7725\" data-elementor-post-type=\"page\">\n\t\t\t\t\t\t<section class=\"elementor-section elementor-top-section elementor-element elementor-element-4b671b6 elementor-section-boxed elementor-section-height-default elementor-section-height-default\" data-id=\"4b671b6\" data-element_type=\"section\">\n\t\t\t\t\t\t<div class=\"elementor-container elementor-column-gap-default\">\n\t\t\t\t\t<div class=\"elementor-column elementor-col-100 elementor-top-column elementor-element elementor-element-c037886\" data-id=\"c037886\" data-element_type=\"column\">\n\t\t\t<div class=\"elementor-widget-wrap elementor-element-populated\">\n\t\t\t\t\t\t<section class=\"elementor-section elementor-inner-section elementor-element elementor-element-3cdcfe7 elementor-reverse-tablet elementor-reverse-mobile elementor-section-boxed elementor-section-height-default elementor-section-height-default\" data-id=\"3cdcfe7\" data-element_type=\"section\">\n\t\t\t\t\t\t<div class=\"elementor-container elementor-column-gap-wider\">\n\t\t\t\t\t<div class=\"elementor-column elementor-col-50 elementor-inner-column elementor-element elementor-element-cac041b\" data-id=\"cac041b\" data-element_type=\"column\">\n\t\t\t<div class=\"elementor-widget-wrap elementor-element-populated\">\n\t\t\t\t\t\t<div class=\"elementor-element elementor-element-cf7d9d6 elementor-widget elementor-widget-heading\" data-id=\"cf7d9d6\" data-element_type=\"widget\" data-widget_type=\"heading.default\">\n\t\t\t\t<div class=\"elementor-widget-container\">\n\t\t\t<h3 class=\"elementor-heading-title elementor-size-default\">Diritto della Crisi d\u2019Impresa<\/h3>\t\t<\/div>\n\t\t\t\t<\/div>\n\t\t\t\t<div class=\"elementor-element elementor-element-cc3e919 elementor-widget elementor-widget-spacer\" data-id=\"cc3e919\" data-element_type=\"widget\" data-widget_type=\"spacer.default\">\n\t\t\t\t<div class=\"elementor-widget-container\">\n\t\t\t\t\t<div class=\"elementor-spacer\">\n\t\t\t<div class=\"elementor-spacer-inner\"><\/div>\n\t\t<\/div>\n\t\t\t\t<\/div>\n\t\t\t\t<\/div>\n\t\t\t\t<div class=\"elementor-element elementor-element-707d68a elementor-widget elementor-widget-text-editor\" data-id=\"707d68a\" data-element_type=\"widget\" data-widget_type=\"text-editor.default\">\n\t\t\t\t<div class=\"elementor-widget-container\">\n\t\t\t\t\t\t\t<p style=\"text-align: justify;\">\u00c0dest offre una vasta gamma di servizi legali e consulenza aziendale per assistere societ\u00e0 ed imprese nella gestione delle loro situazioni debitorie attraverso procedure concorsuali, secondo i molteplici strumenti previsti dal nuovo Codice della Crisi d\u2019impresa.<\/p>\n<p style=\"text-align: justify;\">Il nostro gruppo, con un&#8217;ampia esperienza in queste materie, \u00e8 a disposizione per fornire assistenza e consulenza esperta in ogni fase di questi complessi processi.<\/p>\n<p style=\"text-align: justify;\">Durante l\u2019elaborazione degli strumenti di risoluzione della crisi, lavoriamo a stretto contatto con i nostri clienti per sviluppare un piano dettagliato di ristrutturazione finanziaria. <\/p>\n<p style=\"text-align: justify;\">Ci occupiamo anche di redigere tutti i documenti connessi a tali strumenti.<br>\nNei casi in cui sia necessario avviare un piano di risanamento, assistiamo i clienti nella preparazione di tutte le documentazioni richieste e li guidiamo attraverso il processo di approvazione.<\/p>\n<p style=\"text-align: justify;\">La nostra esperienza e competenza in materia ci permettono di affrontare con successo queste sfide complesse e di proteggere gli interessi dei nostri clienti durante le procedure concorsuali. <\/p>\n<p style=\"text-align: justify;\">Siamo anche in grado di collaborare con partner esterni di comprovata competenza quando si tratta di operazioni di quotazione in borsa, cartolarizzazione e finanza straordinaria, offrendo cos\u00ec una gamma completa di servizi per le esigenze aziendali.<\/p>\n<p style=\"text-align: justify;\">Lo Studio \u00e8 regolarmente incaricato direttamente dagli Organi delle Procedure Concorsuali, dimostrando cos\u00ec la nostra competenza e affidabilit\u00e0 in questo campo. I nostri professionisti hanno accumulato una vasta e approfondita esperienza in diverse aree del diritto concorsuale, garantendo un supporto di alta qualit\u00e0 durante questi processi complessi.<br>\nInoltre, siamo in grado di fornire assistenza e consulenza specializzate alle societ\u00e0 e alle imprese che cercano di raggiungere accordi stragiudiziali di risanamento, in particolare con il sistema bancario. <\/p>\n<p style=\"text-align: justify;\">La nostra esperienza e il nostro know-how consentono di negoziare accordi efficaci e vantaggiosi per i nostri clienti, aiutandoli a superare le sfide finanziarie e a stabilire solide basi per il futuro.<\/p>\t\t\t\t\t\t<\/div>\n\t\t\t\t<\/div>\n\t\t\t\t<div class=\"elementor-element elementor-element-f96953f elementor-widget elementor-widget-spacer\" data-id=\"f96953f\" data-element_type=\"widget\" data-widget_type=\"spacer.default\">\n\t\t\t\t<div class=\"elementor-widget-container\">\n\t\t\t\t\t<div class=\"elementor-spacer\">\n\t\t\t<div class=\"elementor-spacer-inner\"><\/div>\n\t\t<\/div>\n\t\t\t\t<\/div>\n\t\t\t\t<\/div>\n\t\t\t\t<div class=\"elementor-element elementor-element-e2f375b elementor-widget elementor-widget-spacer\" data-id=\"e2f375b\" data-element_type=\"widget\" data-widget_type=\"spacer.default\">\n\t\t\t\t<div class=\"elementor-widget-container\">\n\t\t\t\t\t<div class=\"elementor-spacer\">\n\t\t\t<div class=\"elementor-spacer-inner\"><\/div>\n\t\t<\/div>\n\t\t\t\t<\/div>\n\t\t\t\t<\/div>\n\t\t\t\t<div class=\"elementor-element elementor-element-e7c346d icon-box-vertical-align-center icon-position-mobile-left content-align-left icon-position-left icon-vertical-align-start elementor-widget elementor-widget-the7_icon_box_grid_widget\" data-id=\"e7c346d\" data-element_type=\"widget\" data-widget_type=\"the7_icon_box_grid_widget.default\">\n\t\t\t\t<div class=\"elementor-widget-container\">\n\t\t\t<div class=\"the7-box-grid-wrapper the7-elementor-widget loading-effect-none the7_icon_box_grid_widget-e7c346d\">\t\t\t<div class=\"dt-css-grid\">\n\t\t\t\t\t\t\t\t\t<div class=\"wf-cell shown\">\n\t\t\t\t\t\t<a class=\"the7-icon-box-grid box-hover\" aria-label=\"Valutazione sull&#039;uso dei diversi strumenti di risoluzione delle crisi\">\t\t\t\t\t\t\t<div class=\"box-content-wrapper\">\n\t\t\t\t\t\t\t\t\t\t\t\t\t\t\t\t\t<div class=\"elementor-icon-div\">\t\t\t\t\t\t\t\t\t\t<div class=\"elementor-icon\">\n\t\t\t\t\t\t\t\t\t\t\t<i aria-hidden=\"true\" class=\"feather feather-check\"><\/i>\t\t\t\t\t\t\t\t\t\t<\/div>\n\t\t\t\t\t\t\t\t\t<\/div>\t\t\t\t\t\t\t\t\t\t\t\t\t\t\t\t<div class=\"box-content\">\n\t\t\t\t\t\t\t\t\t\t\t\t\t\t\t\t\t\t\t\t\t\t\t\t\t\t\t\t\t<h4 class=\"box-heading\">\n\t\t\t\t\t\t\t\t\t\t\t\t\t\t\t\t\t\t\t\t\t\t\tValutazione sull'uso dei diversi strumenti di risoluzione delle crisi\t\t\t\t\t\t\t\t\t\t\t\t\t\t\t\t\t\t\t\t\t<\/h4>\n\t\t\t\t\t\t\t\t\t\t\t\t\t\t\t\t\t\t\t\t\t\t\t\t\t\t\t\t\t\t\t\t\t\t\t<\/div>\n\t\t\t\t\t\t\t<\/div>\n\t\t\t\t\t\t<\/a>\t\t\t\t\t<\/div>\n\t\t\t\t\t\t\t\t\t<div class=\"wf-cell shown\">\n\t\t\t\t\t\t<a class=\"the7-icon-box-grid box-hover\" aria-label=\"Sviluppo di piani per la ristrutturazione finanziaria\">\t\t\t\t\t\t\t<div class=\"box-content-wrapper\">\n\t\t\t\t\t\t\t\t\t\t\t\t\t\t\t\t\t<div class=\"elementor-icon-div\">\t\t\t\t\t\t\t\t\t\t<div class=\"elementor-icon\">\n\t\t\t\t\t\t\t\t\t\t\t<i aria-hidden=\"true\" class=\"feather feather-check\"><\/i>\t\t\t\t\t\t\t\t\t\t<\/div>\n\t\t\t\t\t\t\t\t\t<\/div>\t\t\t\t\t\t\t\t\t\t\t\t\t\t\t\t<div class=\"box-content\">\n\t\t\t\t\t\t\t\t\t\t\t\t\t\t\t\t\t\t\t\t\t\t\t\t\t\t\t\t\t<h4 class=\"box-heading\">\n\t\t\t\t\t\t\t\t\t\t\t\t\t\t\t\t\t\t\t\t\t\t\tSviluppo di piani per la ristrutturazione finanziaria\t\t\t\t\t\t\t\t\t\t\t\t\t\t\t\t\t\t\t\t\t<\/h4>\n\t\t\t\t\t\t\t\t\t\t\t\t\t\t\t\t\t\t\t\t\t\t\t\t\t\t\t\t\t\t\t\t\t\t\t<\/div>\n\t\t\t\t\t\t\t<\/div>\n\t\t\t\t\t\t<\/a>\t\t\t\t\t<\/div>\n\t\t\t\t\t\t\t\t\t<div class=\"wf-cell shown\">\n\t\t\t\t\t\t<a class=\"the7-icon-box-grid box-hover\" aria-label=\"Accordi stragiudiziali di risanamento\">\t\t\t\t\t\t\t<div class=\"box-content-wrapper\">\n\t\t\t\t\t\t\t\t\t\t\t\t\t\t\t\t\t<div class=\"elementor-icon-div\">\t\t\t\t\t\t\t\t\t\t<div class=\"elementor-icon\">\n\t\t\t\t\t\t\t\t\t\t\t<i aria-hidden=\"true\" class=\"feather feather-check\"><\/i>\t\t\t\t\t\t\t\t\t\t<\/div>\n\t\t\t\t\t\t\t\t\t<\/div>\t\t\t\t\t\t\t\t\t\t\t\t\t\t\t\t<div class=\"box-content\">\n\t\t\t\t\t\t\t\t\t\t\t\t\t\t\t\t\t\t\t\t\t\t\t\t\t\t\t\t\t<h4 class=\"box-heading\">\n\t\t\t\t\t\t\t\t\t\t\t\t\t\t\t\t\t\t\t\t\t\t\tAccordi stragiudiziali di risanamento\t\t\t\t\t\t\t\t\t\t\t\t\t\t\t\t\t\t\t\t\t<\/h4>\n\t\t\t\t\t\t\t\t\t\t\t\t\t\t\t\t\t\t\t\t\t\t\t\t\t\t\t\t\t\t\t\t\t\t\t<\/div>\n\t\t\t\t\t\t\t<\/div>\n\t\t\t\t\t\t<\/a>\t\t\t\t\t<\/div>\n\t\t\t\t\t\t\t\t\t<div class=\"wf-cell shown\">\n\t\t\t\t\t\t<a class=\"the7-icon-box-grid box-hover\" aria-label=\"Gestione del sovraindebitamento\">\t\t\t\t\t\t\t<div class=\"box-content-wrapper\">\n\t\t\t\t\t\t\t\t\t\t\t\t\t\t\t\t\t<div class=\"elementor-icon-div\">\t\t\t\t\t\t\t\t\t\t<div class=\"elementor-icon\">\n\t\t\t\t\t\t\t\t\t\t\t<i aria-hidden=\"true\" class=\"feather feather-check\"><\/i>\t\t\t\t\t\t\t\t\t\t<\/div>\n\t\t\t\t\t\t\t\t\t<\/div>\t\t\t\t\t\t\t\t\t\t\t\t\t\t\t\t<div class=\"box-content\">\n\t\t\t\t\t\t\t\t\t\t\t\t\t\t\t\t\t\t\t\t\t\t\t\t\t\t\t\t\t<h4 class=\"box-heading\">\n\t\t\t\t\t\t\t\t\t\t\t\t\t\t\t\t\t\t\t\t\t\t\tGestione del sovraindebitamento\t\t\t\t\t\t\t\t\t\t\t\t\t\t\t\t\t\t\t\t\t<\/h4>\n\t\t\t\t\t\t\t\t\t\t\t\t\t\t\t\t\t\t\t\t\t\t\t\t\t\t\t\t\t\t\t\t\t\t\t<\/div>\n\t\t\t\t\t\t\t<\/div>\n\t\t\t\t\t\t<\/a>\t\t\t\t\t<\/div>\n\t\t\t\t\t\t\t<\/div>\n\t\t<\/div>\t\t<\/div>\n\t\t\t\t<\/div>\n\t\t\t\t\t<\/div>\n\t\t<\/div>\n\t\t\t\t<div class=\"elementor-column elementor-col-50 elementor-inner-column elementor-element elementor-element-26fe4dd\" data-id=\"26fe4dd\" data-element_type=\"column\">\n\t\t\t<div class=\"elementor-widget-wrap elementor-element-populated\">\n\t\t\t\t\t\t<div class=\"elementor-element elementor-element-a7b9fec elementor-widget__width-auto elementor-widget elementor-widget-image\" data-id=\"a7b9fec\" data-element_type=\"widget\" data-widget_type=\"image.default\">\n\t\t\t\t<div class=\"elementor-widget-container\">\n\t\t\t\t\t\t\t\t\t\t\t\t\t<img decoding=\"async\" src=\"https:\/\/www.adest.it\/cms\/wp-content\/uploads\/elementor\/thumbs\/avvocati-07-qxfh939lqxs0pav8h7ozim3dfnz36aw0w1i3wgj8cw.jpg\" title=\"Diritto della Crisi d\u2019Impresa\u200b\" alt=\"Diritto della Crisi d\u2019Impresa\u200b\" loading=\"lazy\" \/>\t\t\t\t\t\t\t\t\t\t\t\t\t<\/div>\n\t\t\t\t<\/div>\n\t\t\t\t<div class=\"elementor-element elementor-element-7186398 elementor-widget__width-auto elementor-widget elementor-widget-image\" data-id=\"7186398\" data-element_type=\"widget\" data-widget_type=\"image.default\">\n\t\t\t\t<div class=\"elementor-widget-container\">\n\t\t\t\t\t\t\t\t\t\t\t\t\t<img decoding=\"async\" src=\"https:\/\/www.adest.it\/cms\/wp-content\/uploads\/elementor\/thumbs\/libreria-gialli-scaled-qxfh939lqxs0pav8h7ozim3dfnz36aw0w1i3wgj8cw.jpg\" title=\"Diritto della Crisi d\u2019Impresa\u200b\" alt=\"Diritto della Crisi d\u2019Impresa\u200b\" loading=\"lazy\" \/>\t\t\t\t\t\t\t\t\t\t\t\t\t<\/div>\n\t\t\t\t<\/div>\n\t\t\t\t\t<\/div>\n\t\t<\/div>\n\t\t\t\t\t<\/div>\n\t\t<\/section>\n\t\t\t\t\t<\/div>\n\t\t<\/div>\n\t\t\t\t\t<\/div>\n\t\t<\/section>\n\t\t\t\t<section class=\"elementor-section elementor-top-section elementor-element elementor-element-73e3596 elementor-section-boxed elementor-section-height-default elementor-section-height-default\" data-id=\"73e3596\" data-element_type=\"section\">\n\t\t\t\t\t\t<div class=\"elementor-container elementor-column-gap-default\">\n\t\t\t\t\t<div class=\"elementor-column elementor-col-100 elementor-top-column elementor-element elementor-element-ae889da\" data-id=\"ae889da\" data-element_type=\"column\">\n\t\t\t<div class=\"elementor-widget-wrap elementor-element-populated\">\n\t\t\t\t\t\t<div class=\"elementor-element elementor-element-02ebd5f elementor-widget elementor-widget-heading\" data-id=\"02ebd5f\" data-element_type=\"widget\" data-widget_type=\"heading.default\">\n\t\t\t\t<div class=\"elementor-widget-container\">\n\t\t\t<h2 class=\"elementor-heading-title elementor-size-default\">Aree di attivit\u00e0<\/h2>\t\t<\/div>\n\t\t\t\t<\/div>\n\t\t\t\t\t<\/div>\n\t\t<\/div>\n\t\t\t\t\t<\/div>\n\t\t<\/section>\n\t\t\t\t<section class=\"elementor-section elementor-top-section elementor-element elementor-element-6330b2d elementor-section-boxed elementor-section-height-default elementor-section-height-default\" data-id=\"6330b2d\" data-element_type=\"section\">\n\t\t\t\t\t\t<div class=\"elementor-container elementor-column-gap-default\">\n\t\t\t\t\t<div class=\"elementor-column elementor-col-100 elementor-top-column elementor-element elementor-element-d61b800\" data-id=\"d61b800\" data-element_type=\"column\">\n\t\t\t<div class=\"elementor-widget-wrap elementor-element-populated\">\n\t\t\t\t\t\t<div class=\"elementor-element elementor-element-e02c334 arrows-relative-to-box_area slider-layout_1 slider-tablet-default slider-mobile-default slide-h-position-center bullets-small-dot-stroke elementor-widget elementor-widget-the7_content_carousel\" data-id=\"e02c334\" data-element_type=\"widget\" data-settings=\"{&quot;widget_columns&quot;:5,&quot;gap_between_posts&quot;:{&quot;unit&quot;:&quot;px&quot;,&quot;size&quot;:3,&quot;sizes&quot;:[]},&quot;widget_columns_tablet&quot;:2,&quot;widget_columns_mobile&quot;:1,&quot;gap_between_posts_tablet&quot;:{&quot;unit&quot;:&quot;px&quot;,&quot;size&quot;:&quot;&quot;,&quot;sizes&quot;:[]},&quot;gap_between_posts_mobile&quot;:{&quot;unit&quot;:&quot;px&quot;,&quot;size&quot;:&quot;&quot;,&quot;sizes&quot;:[]}}\" data-widget_type=\"the7_content_carousel.default\">\n\t\t\t\t<div class=\"elementor-widget-container\">\n\t\t\t<div class=\"disable-arrows-hover-bg owl-carousel text-and-icon-carousel elementor-owl-carousel-call the7-elementor-widget the7_content_carousel-e02c334 quick-scale-img\" data-scroll-mode=\"1\" data-auto-height=\"false\" data-speed=\"600\" data-autoplay=\"false\" data-autoplay_speed=\"\"><div  class=\"dt-owl-item-wrap elements-hover elements-hover\"  ><div class=\"dt-owl-item-inner \"><a href=\"https:\/\/adest.it\/cms\/aree-attivita\/diritto-societario\/\"  class=\"dt-owl-item-icon\"><i aria-hidden=\"true\" class=\"open-button far fa-building\"><\/i><\/a><h4  class=\"dt-owl-item-heading\"><a href=\"https:\/\/adest.it\/cms\/aree-attivita\/diritto-societario\/\">Diritto societario<\/a><\/h4><\/div><\/div><div  class=\"dt-owl-item-wrap elements-hover elements-hover\"  ><div class=\"dt-owl-item-inner \"><a href=\"https:\/\/adest.it\/cms\/aree-attivita\/diritto-industriale-e-ip-law\/\"  class=\"dt-owl-item-icon\"><i aria-hidden=\"true\" class=\"open-button fas fa-landmark\"><\/i><\/a><h4  class=\"dt-owl-item-heading\"><a href=\"https:\/\/adest.it\/cms\/aree-attivita\/diritto-industriale-e-ip-law\/\">Diritto Industriale e Ip Law<\/a><\/h4><\/div><\/div><div  class=\"dt-owl-item-wrap elements-hover elements-hover\"  ><div class=\"dt-owl-item-inner \"><a href=\"https:\/\/adest.it\/cms\/aree-attivita\/diritto-bancario-e-finanziario\/\"  class=\"dt-owl-item-icon\"><i aria-hidden=\"true\" class=\"open-button far fa-money-bill-alt\"><\/i><\/a><h4  class=\"dt-owl-item-heading\"><a href=\"https:\/\/adest.it\/cms\/aree-attivita\/diritto-bancario-e-finanziario\/\">Diritto bancario e finanziario<\/a><\/h4><\/div><\/div><div  class=\"dt-owl-item-wrap elements-hover elements-hover\"  ><div class=\"dt-owl-item-inner \"><a href=\"https:\/\/adest.it\/cms\/aree-attivita\/contrattualistica-dimpresa\/\"  class=\"dt-owl-item-icon\"><i aria-hidden=\"true\" class=\"open-button fas fa-file-contract\"><\/i><\/a><h4  class=\"dt-owl-item-heading\"><a href=\"https:\/\/adest.it\/cms\/aree-attivita\/contrattualistica-dimpresa\/\">Contrattualistica d\u2019impresa<\/a><\/h4><\/div><\/div><div  class=\"dt-owl-item-wrap elements-hover elements-hover\"  ><div class=\"dt-owl-item-inner \"><a href=\"https:\/\/adest.it\/cms\/aree-attivita\/privacy-e-it-law\/\"  class=\"dt-owl-item-icon\"><i aria-hidden=\"true\" class=\"open-button fas fa-fingerprint\"><\/i><\/a><h4  class=\"dt-owl-item-heading\"><a href=\"https:\/\/adest.it\/cms\/aree-attivita\/privacy-e-it-law\/\"> Privacy e IT Law<\/a><\/h4><\/div><\/div><div  class=\"dt-owl-item-wrap elements-hover elements-hover\"  ><div class=\"dt-owl-item-inner \"><a href=\"https:\/\/adest.it\/cms\/aree-attivita\/operazioni-straordinarie\/\"  class=\"dt-owl-item-icon\"><i aria-hidden=\"true\" class=\"open-button feather feather-check-circle\"><\/i><\/a><h4  class=\"dt-owl-item-heading\"><a href=\"https:\/\/adest.it\/cms\/aree-attivita\/operazioni-straordinarie\/\">Operazioni straordinarie<\/a><\/h4><\/div><\/div><div  class=\"dt-owl-item-wrap elements-hover elements-hover\"  ><div class=\"dt-owl-item-inner \"><a href=\"https:\/\/adest.it\/cms\/aree-attivita\/strategia-pianificazione-e-controllo-dimpresa\/\"  class=\"dt-owl-item-icon\"><i aria-hidden=\"true\" class=\"open-button far fa-chart-bar\"><\/i><\/a><h4  class=\"dt-owl-item-heading\"><a href=\"https:\/\/adest.it\/cms\/aree-attivita\/strategia-pianificazione-e-controllo-dimpresa\/\">Strategia, Pianificazione e Controllo d\u2019Impresa <\/a><\/h4><\/div><\/div><div  class=\"dt-owl-item-wrap elements-hover elements-hover\"  ><div class=\"dt-owl-item-inner \"><a href=\"https:\/\/adest.it\/cms\/aree-attivita\/diritto-della-crisi-dimpresa\/\"  class=\"dt-owl-item-icon\"><i aria-hidden=\"true\" class=\"open-button fas fa-handshake\"><\/i><\/a><h4  class=\"dt-owl-item-heading\"><a href=\"https:\/\/adest.it\/cms\/aree-attivita\/diritto-della-crisi-dimpresa\/\">Diritto della crisi d\u2019impresa<\/a><\/h4><\/div><\/div><div  class=\"dt-owl-item-wrap elements-hover elements-hover\"  ><div class=\"dt-owl-item-inner \"><a href=\"https:\/\/adest.it\/cms\/aree-attivita\/diritto-del-lavoro\/\"  class=\"dt-owl-item-icon\"><i aria-hidden=\"true\" class=\"open-button fas fa-user-tie\"><\/i><\/a><h4  class=\"dt-owl-item-heading\"><a href=\"https:\/\/adest.it\/cms\/aree-attivita\/diritto-del-lavoro\/\">Diritto del lavoro<\/a><\/h4><\/div><\/div><div  class=\"dt-owl-item-wrap elements-hover elements-hover\"  ><div class=\"dt-owl-item-inner \"><a href=\"https:\/\/adest.it\/cms\/aree-attivita\/procedimento-e-processo-tributario\/\"  class=\"dt-owl-item-icon\"><i aria-hidden=\"true\" class=\"open-button far fa-folder-open\"><\/i><\/a><h4  class=\"dt-owl-item-heading\"><a href=\"https:\/\/adest.it\/cms\/aree-attivita\/procedimento-e-processo-tributario\/\">Procedimento e processo tributario <\/a><\/h4><\/div><\/div><div  class=\"dt-owl-item-wrap elements-hover elements-hover\"  ><div class=\"dt-owl-item-inner \"><a href=\"https:\/\/adest.it\/cms\/aree-attivita\/fiscalita-dimpresa\/\"  class=\"dt-owl-item-icon\"><i aria-hidden=\"true\" class=\"open-button fas fa-clipboard-list\"><\/i><\/a><h4  class=\"dt-owl-item-heading\"><a href=\"https:\/\/adest.it\/cms\/aree-attivita\/fiscalita-dimpresa\/\">Fiscalit\u00e0 d\u2019impresa<\/a><\/h4><\/div><\/div><div  class=\"dt-owl-item-wrap elements-hover elements-hover\"  ><div class=\"dt-owl-item-inner \"><a href=\"https:\/\/adest.it\/cms\/aree-attivita\/diritto-penale-dellimpresa-e-redazione-di-modelli-ex-dlg-231-2001\/\"  class=\"dt-owl-item-icon\"><i aria-hidden=\"true\" class=\"open-button fas fa-landmark\"><\/i><\/a><h4  class=\"dt-owl-item-heading\"><a href=\"https:\/\/adest.it\/cms\/aree-attivita\/diritto-penale-dellimpresa-e-redazione-di-modelli-ex-dlg-231-2001\/\">Diritto penale dell\u2019impresa <\/a><\/h4><\/div><\/div><\/div><div class=\"owl-nav disabled\"><div class=\"owl-prev\" role=\"button\"><i class=\"fas fa-chevron-left\"><\/i><\/div><div class=\"owl-next\" role=\"button\"><i class=\"fas fa-chevron-right\"><\/i><\/div><\/div>\t\t<\/div>\n\t\t\t\t<\/div>\n\t\t\t\t\t<\/div>\n\t\t<\/div>\n\t\t\t\t\t<\/div>\n\t\t<\/section>\n\t\t\t\t<section class=\"elementor-section elementor-top-section elementor-element elementor-element-adf0c23 elementor-section-boxed elementor-section-height-default elementor-section-height-default\" data-id=\"adf0c23\" data-element_type=\"section\">\n\t\t\t\t\t\t<div class=\"elementor-container elementor-column-gap-default\">\n\t\t\t\t\t<div class=\"elementor-column elementor-col-100 elementor-top-column elementor-element elementor-element-30c65a3\" data-id=\"30c65a3\" data-element_type=\"column\">\n\t\t\t<div class=\"elementor-widget-wrap elementor-element-populated\">\n\t\t\t\t\t\t<div class=\"elementor-element elementor-element-189ffba elementor-widget elementor-widget-spacer\" data-id=\"189ffba\" data-element_type=\"widget\" data-widget_type=\"spacer.default\">\n\t\t\t\t<div class=\"elementor-widget-container\">\n\t\t\t\t\t<div class=\"elementor-spacer\">\n\t\t\t<div class=\"elementor-spacer-inner\"><\/div>\n\t\t<\/div>\n\t\t\t\t<\/div>\n\t\t\t\t<\/div>\n\t\t\t\t\t<\/div>\n\t\t<\/div>\n\t\t\t\t\t<\/div>\n\t\t<\/section>\n\t\t\t\t<\/div>\n\t\t","protected":false},"excerpt":{"rendered":"<p>Diritto della Crisi d\u2019Impresa \u00c0dest offre una vasta gamma di servizi legali e consulenza aziendale per assistere societ\u00e0 ed imprese nella gestione delle loro situazioni debitorie attraverso procedure concorsuali, secondo i molteplici strumenti previsti dal nuovo Codice della Crisi d\u2019impresa. Il nostro gruppo, con un&#8217;ampia esperienza in queste materie, \u00e8 a disposizione per fornire assistenza&hellip;<\/p>\n","protected":false},"author":1,"featured_media":0,"parent":365,"menu_order":8,"comment_status":"closed","ping_status":"closed","template":"","meta":{"footnotes":""},"class_list":["post-7725","page","type-page","status-publish","hentry"],"aioseo_notices":[],"_links":{"self":[{"href":"https:\/\/www.adest.it\/cms\/wp-json\/wp\/v2\/pages\/7725","targetHints":{"allow":["GET"]}}],"collection":[{"href":"https:\/\/www.adest.it\/cms\/wp-json\/wp\/v2\/pages"}],"about":[{"href":"https:\/\/www.adest.it\/cms\/wp-json\/wp\/v2\/types\/page"}],"author":[{"embeddable":true,"href":"https:\/\/www.adest.it\/cms\/wp-json\/wp\/v2\/users\/1"}],"replies":[{"embeddable":true,"href":"https:\/\/www.adest.it\/cms\/wp-json\/wp\/v2\/comments?post=7725"}],"version-history":[{"count":31,"href":"https:\/\/www.adest.it\/cms\/wp-json\/wp\/v2\/pages\/7725\/revisions"}],"predecessor-version":[{"id":8705,"href":"https:\/\/www.adest.it\/cms\/wp-json\/wp\/v2\/pages\/7725\/revisions\/8705"}],"up":[{"embeddable":true,"href":"https:\/\/www.adest.it\/cms\/wp-json\/wp\/v2\/pages\/365"}],"wp:attachment":[{"href":"https:\/\/www.adest.it\/cms\/wp-json\/wp\/v2\/media?parent=7725"}],"curies":[{"name":"wp","href":"https:\/\/api.w.org\/{rel}","templated":true}]}}